{"id":366,"date":"2021-05-08T11:30:48","date_gmt":"2021-05-08T09:30:48","guid":{"rendered":"https:\/\/tropicalspicesmadagascar.com\/?page_id=366"},"modified":"2024-05-21T09:10:23","modified_gmt":"2024-05-21T07:10:23","slug":"contact","status":"publish","type":"page","link":"https:\/\/tropicalspicesmadagascar.com\/en\/contact\/","title":{"rendered":"Contact"},"content":{"rendered":"<div data-elementor-type=\"wp-page\" data-elementor-id=\"366\" class=\"elementor elementor-366\" data-elementor-post-type=\"page\">\n\t\t\t\t<div class=\"elementor-element elementor-element-13756e8 e-flex e-con-boxed e-con e-child\" data-id=\"13756e8\" data-element_type=\"container\" data-settings=\"{&quot;background_background&quot;:&quot;classic&quot;}\">\n\t\t\t\t\t<div class=\"e-con-inner\">\n\t\t\t\t<div class=\"elementor-element elementor-element-e782b2e elementor-widget elementor-widget-heading\" data-id=\"e782b2e\" data-element_type=\"widget\" data-widget_type=\"heading.default\">\n\t\t\t\t<div class=\"elementor-widget-container\">\n\t\t\t<h2 class=\"elementor-heading-title elementor-size-default\">Do you have any questions?<\/h2>\t\t<\/div>\n\t\t\t\t<\/div>\n\t\t\t\t<div class=\"elementor-element elementor-element-93ebc10 elementor-widget__width-initial elementor-widget-mobile__width-inherit elementor-widget elementor-widget-text-editor\" data-id=\"93ebc10\" data-element_type=\"widget\" data-widget_type=\"text-editor.default\">\n\t\t\t\t<div class=\"elementor-widget-container\">\n\t\t\t\t\t\t\t<p><span class=\"\">We'll be happy to answer your questions or help you find the product that best suits your needs.<\/span><\/p>\t\t\t\t\t\t<\/div>\n\t\t\t\t<\/div>\n\t\t\t\t\t<\/div>\n\t\t\t\t<\/div>\n\t\t<div class=\"elementor-element elementor-element-dbaceaa e-flex e-con-boxed e-con e-parent\" data-id=\"dbaceaa\" data-element_type=\"container\">\n\t\t\t\t\t<div class=\"e-con-inner\">\n\t\t<div class=\"elementor-element elementor-element-d4a50a6 e-con-full e-flex e-con e-child\" data-id=\"d4a50a6\" data-element_type=\"container\">\n\t\t\t\t<div class=\"elementor-element elementor-element-d496432 elementor-widget elementor-widget-wpforms\" data-id=\"d496432\" data-element_type=\"widget\" data-widget_type=\"wpforms.default\">\n\t\t\t\t<div class=\"elementor-widget-container\">\n\t\t\t<style id=\"wpforms-css-vars-root\">\n\t\t\t\t:root {\n\t\t\t\t\t--wpforms-field-border-radius: 3px;\n--wpforms-field-border-style: solid;\n--wpforms-field-border-size: 1px;\n--wpforms-field-background-color: #ffffff;\n--wpforms-field-border-color: rgba( 0, 0, 0, 0.25 );\n--wpforms-field-border-color-spare: rgba( 0, 0, 0, 0.25 );\n--wpforms-field-text-color: rgba( 0, 0, 0, 0.7 );\n--wpforms-field-menu-color: #ffffff;\n--wpforms-label-color: rgba( 0, 0, 0, 0.85 );\n--wpforms-label-sublabel-color: rgba( 0, 0, 0, 0.55 );\n--wpforms-label-error-color: #d63637;\n--wpforms-button-border-radius: 3px;\n--wpforms-button-border-style: none;\n--wpforms-button-border-size: 1px;\n--wpforms-button-background-color: #066aab;\n--wpforms-button-border-color: #066aab;\n--wpforms-button-text-color: #ffffff;\n--wpforms-page-break-color: #066aab;\n--wpforms-background-image: none;\n--wpforms-background-position: center center;\n--wpforms-background-repeat: no-repeat;\n--wpforms-background-size: cover;\n--wpforms-background-width: 100px;\n--wpforms-background-height: 100px;\n--wpforms-background-color: rgba( 0, 0, 0, 0 );\n--wpforms-background-url: none;\n--wpforms-container-padding: 0px;\n--wpforms-container-border-style: none;\n--wpforms-container-border-width: 1px;\n--wpforms-container-border-color: #000000;\n--wpforms-container-border-radius: 3px;\n--wpforms-field-size-input-height: 43px;\n--wpforms-field-size-input-spacing: 15px;\n--wpforms-field-size-font-size: 16px;\n--wpforms-field-size-line-height: 19px;\n--wpforms-field-size-padding-h: 14px;\n--wpforms-field-size-checkbox-size: 16px;\n--wpforms-field-size-sublabel-spacing: 5px;\n--wpforms-field-size-icon-size: 1;\n--wpforms-label-size-font-size: 16px;\n--wpforms-label-size-line-height: 19px;\n--wpforms-label-size-sublabel-font-size: 14px;\n--wpforms-label-size-sublabel-line-height: 17px;\n--wpforms-button-size-font-size: 17px;\n--wpforms-button-size-height: 41px;\n--wpforms-button-size-padding-h: 15px;\n--wpforms-button-size-margin-top: 10px;\n--wpforms-container-shadow-size-box-shadow: none;\n\n\t\t\t\t}\n\t\t\t<\/style><style id=\"wpforms-css-vars-elementor-widget-d496432\">\n\t\t\t\t.elementor-widget-wpforms.elementor-element-d496432 {\n\t\t\t\t\t--wpforms-button-background-color: #08B552;\n--wpforms-field-size-input-height: 43px;\n--wpforms-field-size-input-spacing: 15px;\n--wpforms-field-size-font-size: 16px;\n--wpforms-field-size-line-height: 19px;\n--wpforms-field-size-padding-h: 14px;\n--wpforms-field-size-checkbox-size: 16px;\n--wpforms-field-size-sublabel-spacing: 5px;\n--wpforms-field-size-icon-size: 1;\n--wpforms-label-size-font-size: 16px;\n--wpforms-label-size-line-height: 19px;\n--wpforms-label-size-sublabel-font-size: 14px;\n--wpforms-label-size-sublabel-line-height: 17px;\n--wpforms-button-size-font-size: 17px;\n--wpforms-button-size-height: 41px;\n--wpforms-button-size-padding-h: 15px;\n--wpforms-button-size-margin-top: 10px;\n\n\t\t\t\t}\n\t\t\t<\/style><div class=\"wpforms-container wpforms-container-full wpforms-render-modern\" id=\"wpforms-549\"><form id=\"wpforms-form-549\" class=\"wpforms-validate wpforms-form wpforms-ajax-form\" data-formid=\"549\" method=\"post\" enctype=\"multipart\/form-data\" action=\"\/wp-json\/wp\/v2\/pages\/366\" data-token=\"8e247697146730395ab95e10e234f13d\" data-token-time=\"1778301865\" data-trp-original-action=\"\/en\/wp-json\/wp\/v2\/pages\/366\"><noscript class=\"wpforms-error-noscript\">Please enable JavaScript in your browser to complete this form.<\/noscript><div class=\"wpforms-hidden\" id=\"wpforms-error-noscript\">Please enable JavaScript in your browser to complete this form.<\/div><div class=\"wpforms-field-container\"><div id=\"wpforms-549-field_2-container\" class=\"wpforms-field wpforms-field-name\" data-field-id=\"2\"><label class=\"wpforms-field-label\" for=\"wpforms-549-field_2\">Your Name <span class=\"wpforms-required-label\" aria-hidden=\"true\">*<\/span><\/label><input type=\"text\" id=\"wpforms-549-field_2\" class=\"wpforms-field-large wpforms-field-required\" name=\"wpforms[fields][2]\" placeholder=\"Your Name\" aria-errormessage=\"wpforms-549-field_2-error\" required><\/div><div id=\"wpforms-549-field_3-container\" class=\"wpforms-field wpforms-field-email\" data-field-id=\"3\"><label class=\"wpforms-field-label\" for=\"wpforms-549-field_3\">Your E-mail <span class=\"wpforms-required-label\" aria-hidden=\"true\">*<\/span><\/label><input type=\"email\" id=\"wpforms-549-field_3\" class=\"wpforms-field-large wpforms-field-required\" name=\"wpforms[fields][3]\" placeholder=\"Your E-mail\" spellcheck=\"false\" aria-errormessage=\"wpforms-549-field_3-error\" required><\/div><div id=\"wpforms-549-field_1-container\" class=\"wpforms-field wpforms-field-text\" data-field-id=\"1\"><label class=\"wpforms-field-label\" for=\"wpforms-549-field_1\">Phone Number<\/label><input type=\"text\" id=\"wpforms-549-field_1\" class=\"wpforms-field-large\" name=\"wpforms[fields][1]\" placeholder=\"Phone Number\" aria-errormessage=\"wpforms-549-field_1-error\" ><\/div><div id=\"wpforms-549-field_4-container\" class=\"wpforms-field wpforms-field-textarea\" data-field-id=\"4\"><label class=\"wpforms-field-label\" for=\"wpforms-549-field_4\">Your Message<\/label><textarea id=\"wpforms-549-field_4\" class=\"wpforms-field-medium\" name=\"wpforms[fields][4]\" aria-errormessage=\"wpforms-549-field_4-error\" ><\/textarea><\/div><\/div><!-- .wpforms-field-container --><div class=\"wpforms-submit-container\" ><input type=\"hidden\" name=\"wpforms[id]\" value=\"549\"><input type=\"hidden\" name=\"page_title\" value=\"\"><input type=\"hidden\" name=\"page_url\" value=\"https:\/\/tropicalspicesmadagascar.com\/en\/wp-json\/wp\/v2\/pages\/366\"><button type=\"submit\" name=\"wpforms[submit]\" id=\"wpforms-submit-549\" class=\"wpforms-submit\" data-alt-text=\"Envoi...\" data-submit-text=\"Envoyer votre message \" aria-live=\"assertive\" value=\"wpforms-submit\">Send your message <\/button><img decoding=\"async\" src=\"https:\/\/tropicalspicesmadagascar.com\/wp-content\/plugins\/wpforms-lite\/assets\/images\/submit-spin.svg\" class=\"wpforms-submit-spinner\" style=\"display: none;\" width=\"26\" height=\"26\" alt=\"Loading\"><\/div><input type=\"hidden\" name=\"trp-form-language\" value=\"en\"\/><\/form><\/div>  <!-- .wpforms-container -->\t\t<\/div>\n\t\t\t\t<\/div>\n\t\t\t\t<\/div>\n\t\t<div class=\"elementor-element elementor-element-0220ffb e-con-full e-flex e-con e-child\" data-id=\"0220ffb\" data-element_type=\"container\" data-settings=\"{&quot;background_background&quot;:&quot;classic&quot;}\">\n\t\t\t\t<div class=\"elementor-element elementor-element-c48e952 elementor-widget elementor-widget-heading\" data-id=\"c48e952\" data-element_type=\"widget\" data-widget_type=\"heading.default\">\n\t\t\t\t<div class=\"elementor-widget-container\">\n\t\t\t<h2 class=\"elementor-heading-title elementor-size-default\">Our contact details<\/h2>\t\t<\/div>\n\t\t\t\t<\/div>\n\t\t\t\t<div class=\"elementor-element elementor-element-1f3fd4c elementor-widget elementor-widget-text-editor\" data-id=\"1f3fd4c\" data-element_type=\"widget\" data-widget_type=\"text-editor.default\">\n\t\t\t\t<div class=\"elementor-widget-container\">\n\t\t\t\t\t\t\t<p>Voici les diff\u00e9rentes fa\u00e7ons de nous contacter :<\/p>\t\t\t\t\t\t<\/div>\n\t\t\t\t<\/div>\n\t\t\t\t<\/div>\n\t\t\t\t\t<\/div>\n\t\t\t\t<\/div>\n\t\t\t\t<\/div>","protected":false},"excerpt":{"rendered":"<p>Vous avez une question ? Nous sommes \u00e0 votre disposition pour r\u00e9pondre \u00e0 vos questions ou vous aider \u00e0 trouver le produit qui correspond le mieux \u00e0 vos besoins. Veuillez activer JavaScript dans votre navigateur pour remplir ce formulaire.Veuillez activer JavaScript dans votre navigateur pour remplir ce formulaire.Nom *E-mail *Num\u00e9ro de t\u00e9l\u00e9phoneVotre Message Envoyer votre [&hellip;]<\/p>","protected":false},"author":1,"featured_media":0,"parent":0,"menu_order":0,"comment_status":"closed","ping_status":"closed","template":"elementor_header_footer","meta":{"footnotes":""},"class_list":["post-366","page","type-page","status-publish","hentry"],"yoast_head":"<!-- This site is optimized with the Yoast SEO plugin v23.8 - https:\/\/yoast.com\/wordpress\/plugins\/seo\/ -->\n<title>Contact - Tropical Spices Madagascar<\/title>\n<meta name=\"description\" content=\"Tropical Spices Madagascar. Exportateur de produits locaux. Contact +261 34 08 090 33. contact@tropicalspicesmadagascar.com\" \/>\n<meta name=\"robots\" content=\"index, follow, max-snippet:-1, max-image-preview:large, max-video-preview:-1\" \/>\n<link rel=\"canonical\" href=\"https:\/\/tropicalspicesmadagascar.com\/en\/contact\/\" \/>\n<meta property=\"og:locale\" content=\"en_GB\" \/>\n<meta property=\"og:type\" content=\"article\" \/>\n<meta property=\"og:title\" content=\"Contact - Tropical Spices Madagascar\" \/>\n<meta property=\"og:description\" content=\"Tropical Spices Madagascar. Exportateur de produits locaux. Contact +261 34 08 090 33. contact@tropicalspicesmadagascar.com\" \/>\n<meta property=\"og:url\" content=\"https:\/\/tropicalspicesmadagascar.com\/en\/contact\/\" \/>\n<meta property=\"og:site_name\" content=\"Tropical Spices Madagascar\" \/>\n<meta property=\"article:modified_time\" content=\"2024-05-21T07:10:23+00:00\" \/>\n<meta property=\"og:image\" content=\"https:\/\/tropicalspicesmadagascar.com\/wp-content\/uploads\/2024\/04\/sssplatter.svg\" \/>\n<meta name=\"twitter:card\" content=\"summary_large_image\" \/>\n<meta name=\"twitter:label1\" content=\"Estimated reading time\" \/>\n\t<meta name=\"twitter:data1\" content=\"1 minute\" \/>\n<script type=\"application\/ld+json\" class=\"yoast-schema-graph\">{\"@context\":\"https:\/\/schema.org\",\"@graph\":[{\"@type\":\"WebPage\",\"@id\":\"https:\/\/tropicalspicesmadagascar.com\/contact\/\",\"url\":\"https:\/\/tropicalspicesmadagascar.com\/contact\/\",\"name\":\"Contact - Tropical Spices Madagascar\",\"isPartOf\":{\"@id\":\"https:\/\/tropicalspicesmadagascar.com\/#website\"},\"primaryImageOfPage\":{\"@id\":\"https:\/\/tropicalspicesmadagascar.com\/contact\/#primaryimage\"},\"image\":{\"@id\":\"https:\/\/tropicalspicesmadagascar.com\/contact\/#primaryimage\"},\"thumbnailUrl\":\"https:\/\/tropicalspicesmadagascar.com\/wp-content\/uploads\/2024\/04\/sssplatter.svg\",\"datePublished\":\"2021-05-08T09:30:48+00:00\",\"dateModified\":\"2024-05-21T07:10:23+00:00\",\"description\":\"Tropical Spices Madagascar. Exportateur de produits locaux. Contact +261 34 08 090 33. contact@tropicalspicesmadagascar.com\",\"breadcrumb\":{\"@id\":\"https:\/\/tropicalspicesmadagascar.com\/contact\/#breadcrumb\"},\"inLanguage\":\"en-GB\",\"potentialAction\":[{\"@type\":\"ReadAction\",\"target\":[\"https:\/\/tropicalspicesmadagascar.com\/contact\/\"]}]},{\"@type\":\"ImageObject\",\"inLanguage\":\"en-GB\",\"@id\":\"https:\/\/tropicalspicesmadagascar.com\/contact\/#primaryimage\",\"url\":\"https:\/\/tropicalspicesmadagascar.com\/wp-content\/uploads\/2024\/04\/sssplatter.svg\",\"contentUrl\":\"https:\/\/tropicalspicesmadagascar.com\/wp-content\/uploads\/2024\/04\/sssplatter.svg\"},{\"@type\":\"BreadcrumbList\",\"@id\":\"https:\/\/tropicalspicesmadagascar.com\/contact\/#breadcrumb\",\"itemListElement\":[{\"@type\":\"ListItem\",\"position\":1,\"name\":\"Accueil\",\"item\":\"https:\/\/tropicalspicesmadagascar.com\/\"},{\"@type\":\"ListItem\",\"position\":2,\"name\":\"Contact\"}]},{\"@type\":\"WebSite\",\"@id\":\"https:\/\/tropicalspicesmadagascar.com\/#website\",\"url\":\"https:\/\/tropicalspicesmadagascar.com\/\",\"name\":\"Tropical Spices Madagascar\",\"description\":\"Tropical Spices Madagascar\",\"publisher\":{\"@id\":\"https:\/\/tropicalspicesmadagascar.com\/#organization\"},\"potentialAction\":[{\"@type\":\"SearchAction\",\"target\":{\"@type\":\"EntryPoint\",\"urlTemplate\":\"https:\/\/tropicalspicesmadagascar.com\/?s={search_term_string}\"},\"query-input\":{\"@type\":\"PropertyValueSpecification\",\"valueRequired\":true,\"valueName\":\"search_term_string\"}}],\"inLanguage\":\"en-GB\"},{\"@type\":\"Organization\",\"@id\":\"https:\/\/tropicalspicesmadagascar.com\/#organization\",\"name\":\"Tropical Spices Madagascar\",\"url\":\"https:\/\/tropicalspicesmadagascar.com\/\",\"logo\":{\"@type\":\"ImageObject\",\"inLanguage\":\"en-GB\",\"@id\":\"https:\/\/tropicalspicesmadagascar.com\/#\/schema\/logo\/image\/\",\"url\":\"https:\/\/tropicalspicesmadagascar.com\/wp-content\/uploads\/2021\/04\/Tropical-Spices-Madagascar.png\",\"contentUrl\":\"https:\/\/tropicalspicesmadagascar.com\/wp-content\/uploads\/2021\/04\/Tropical-Spices-Madagascar.png\",\"width\":517,\"height\":483,\"caption\":\"Tropical Spices Madagascar\"},\"image\":{\"@id\":\"https:\/\/tropicalspicesmadagascar.com\/#\/schema\/logo\/image\/\"}}]}<\/script>\n<!-- \/ Yoast SEO plugin. -->","yoast_head_json":{"title":"Contact - Tropical Spices Madagascar","description":"Tropical Spices Madagascar. Exportateur de produits locaux. Contact +261 34 08 090 33. contact@tropicalspicesmadagascar.com","robots":{"index":"index","follow":"follow","max-snippet":"max-snippet:-1","max-image-preview":"max-image-preview:large","max-video-preview":"max-video-preview:-1"},"canonical":"https:\/\/tropicalspicesmadagascar.com\/en\/contact\/","og_locale":"en_GB","og_type":"article","og_title":"Contact - Tropical Spices Madagascar","og_description":"Tropical Spices Madagascar. Exportateur de produits locaux. Contact +261 34 08 090 33. contact@tropicalspicesmadagascar.com","og_url":"https:\/\/tropicalspicesmadagascar.com\/en\/contact\/","og_site_name":"Tropical Spices Madagascar","article_modified_time":"2024-05-21T07:10:23+00:00","og_image":[{"url":"https:\/\/tropicalspicesmadagascar.com\/wp-content\/uploads\/2024\/04\/sssplatter.svg"}],"twitter_card":"summary_large_image","twitter_misc":{"Estimated reading time":"1 minute"},"schema":{"@context":"https:\/\/schema.org","@graph":[{"@type":"WebPage","@id":"https:\/\/tropicalspicesmadagascar.com\/contact\/","url":"https:\/\/tropicalspicesmadagascar.com\/contact\/","name":"Contact - Tropical Spices Madagascar","isPartOf":{"@id":"https:\/\/tropicalspicesmadagascar.com\/#website"},"primaryImageOfPage":{"@id":"https:\/\/tropicalspicesmadagascar.com\/contact\/#primaryimage"},"image":{"@id":"https:\/\/tropicalspicesmadagascar.com\/contact\/#primaryimage"},"thumbnailUrl":"https:\/\/tropicalspicesmadagascar.com\/wp-content\/uploads\/2024\/04\/sssplatter.svg","datePublished":"2021-05-08T09:30:48+00:00","dateModified":"2024-05-21T07:10:23+00:00","description":"Tropical Spices Madagascar. Exportateur de produits locaux. Contact +261 34 08 090 33. contact@tropicalspicesmadagascar.com","breadcrumb":{"@id":"https:\/\/tropicalspicesmadagascar.com\/contact\/#breadcrumb"},"inLanguage":"en-GB","potentialAction":[{"@type":"ReadAction","target":["https:\/\/tropicalspicesmadagascar.com\/contact\/"]}]},{"@type":"ImageObject","inLanguage":"en-GB","@id":"https:\/\/tropicalspicesmadagascar.com\/contact\/#primaryimage","url":"https:\/\/tropicalspicesmadagascar.com\/wp-content\/uploads\/2024\/04\/sssplatter.svg","contentUrl":"https:\/\/tropicalspicesmadagascar.com\/wp-content\/uploads\/2024\/04\/sssplatter.svg"},{"@type":"BreadcrumbList","@id":"https:\/\/tropicalspicesmadagascar.com\/contact\/#breadcrumb","itemListElement":[{"@type":"ListItem","position":1,"name":"Accueil","item":"https:\/\/tropicalspicesmadagascar.com\/"},{"@type":"ListItem","position":2,"name":"Contact"}]},{"@type":"WebSite","@id":"https:\/\/tropicalspicesmadagascar.com\/#website","url":"https:\/\/tropicalspicesmadagascar.com\/","name":"Tropical Spices Madagascar","description":"Tropical Spices Madagascar","publisher":{"@id":"https:\/\/tropicalspicesmadagascar.com\/#organization"},"potentialAction":[{"@type":"SearchAction","target":{"@type":"EntryPoint","urlTemplate":"https:\/\/tropicalspicesmadagascar.com\/?s={search_term_string}"},"query-input":{"@type":"PropertyValueSpecification","valueRequired":true,"valueName":"search_term_string"}}],"inLanguage":"en-GB"},{"@type":"Organization","@id":"https:\/\/tropicalspicesmadagascar.com\/#organization","name":"Tropical Spices Madagascar","url":"https:\/\/tropicalspicesmadagascar.com\/","logo":{"@type":"ImageObject","inLanguage":"en-GB","@id":"https:\/\/tropicalspicesmadagascar.com\/#\/schema\/logo\/image\/","url":"https:\/\/tropicalspicesmadagascar.com\/wp-content\/uploads\/2021\/04\/Tropical-Spices-Madagascar.png","contentUrl":"https:\/\/tropicalspicesmadagascar.com\/wp-content\/uploads\/2021\/04\/Tropical-Spices-Madagascar.png","width":517,"height":483,"caption":"Tropical Spices Madagascar"},"image":{"@id":"https:\/\/tropicalspicesmadagascar.com\/#\/schema\/logo\/image\/"}}]}},"_links":{"self":[{"href":"https:\/\/tropicalspicesmadagascar.com\/en\/wp-json\/wp\/v2\/pages\/366"}],"collection":[{"href":"https:\/\/tropicalspicesmadagascar.com\/en\/wp-json\/wp\/v2\/pages"}],"about":[{"href":"https:\/\/tropicalspicesmadagascar.com\/en\/wp-json\/wp\/v2\/types\/page"}],"author":[{"embeddable":true,"href":"https:\/\/tropicalspicesmadagascar.com\/en\/wp-json\/wp\/v2\/users\/1"}],"replies":[{"embeddable":true,"href":"https:\/\/tropicalspicesmadagascar.com\/en\/wp-json\/wp\/v2\/comments?post=366"}],"version-history":[{"count":76,"href":"https:\/\/tropicalspicesmadagascar.com\/en\/wp-json\/wp\/v2\/pages\/366\/revisions"}],"predecessor-version":[{"id":919,"href":"https:\/\/tropicalspicesmadagascar.com\/en\/wp-json\/wp\/v2\/pages\/366\/revisions\/919"}],"wp:attachment":[{"href":"https:\/\/tropicalspicesmadagascar.com\/en\/wp-json\/wp\/v2\/media?parent=366"}],"curies":[{"name":"wp","href":"https:\/\/api.w.org\/{rel}","templated":true}]}}