{"id":924,"date":"2024-06-25T09:56:34","date_gmt":"2024-06-25T07:56:34","guid":{"rendered":"https:\/\/tropicalspicesmadagascar.com\/?page_id=924"},"modified":"2024-06-25T10:07:23","modified_gmt":"2024-06-25T08:07:23","slug":"cgv","status":"publish","type":"page","link":"https:\/\/tropicalspicesmadagascar.com\/en\/cgv\/","title":{"rendered":"cgv"},"content":{"rendered":"<div data-elementor-type=\"wp-page\" data-elementor-id=\"924\" class=\"elementor elementor-924\" data-elementor-post-type=\"page\">\n\t\t\t\t<div class=\"elementor-element elementor-element-4a94ac1 e-flex e-con-boxed e-con e-parent\" data-id=\"4a94ac1\" data-element_type=\"container\">\n\t\t\t\t\t<div class=\"e-con-inner\">\n\t\t\t\t<div class=\"elementor-element elementor-element-d686471 elementor-widget elementor-widget-heading\" data-id=\"d686471\" data-element_type=\"widget\" data-widget_type=\"heading.default\">\n\t\t\t\t<div class=\"elementor-widget-container\">\n\t\t\t<h2 class=\"elementor-heading-title elementor-size-default\">Conditions G\u00e9n\u00e9rales de Vente (CGV)<\/h2>\t\t<\/div>\n\t\t\t\t<\/div>\n\t\t\t\t<div class=\"elementor-element elementor-element-b7de42f elementor-widget elementor-widget-text-editor\" data-id=\"b7de42f\" data-element_type=\"widget\" data-widget_type=\"text-editor.default\">\n\t\t\t\t<div class=\"elementor-widget-container\">\n\t\t\t\t\t\t\t<ol><li><strong> Objet<\/strong><\/li><\/ol><p>Les pr\u00e9sentes Conditions G\u00e9n\u00e9rales de Vente (CGV) r\u00e9gissent les relations contractuelles entre la soci\u00e9t\u00e9 TROPICAL SPICES SARLU (ci-apr\u00e8s d\u00e9nomm\u00e9e \u00ab\u00a0la Soci\u00e9t\u00e9\u00a0\u00bb) et toute personne physique ou morale souhaitant effectuer un achat via le site internet https:\/\/tropicalspicesmadagascar.com\/ (ci-apr\u00e8s d\u00e9nomm\u00e9e \u00ab\u00a0le Client\u00a0\u00bb).<\/p><p>2. <strong>Confirmation de commande<\/strong><\/p><p>Toute commande pass\u00e9e sur notre site internet fait l&rsquo;objet d&rsquo;une confirmation de commande envoy\u00e9e par e-mail \u00e0 l&rsquo;adresse fournie par le Client lors de la commande. Cette confirmation r\u00e9capitule les d\u00e9tails de la commande, le montant total \u00e0 payer, et les coordonn\u00e9es bancaires de la Soci\u00e9t\u00e9 pour le virement bancaire.<\/p><p>3. <strong>Informations sur le site<\/strong><\/p><p>Les informations disponibles sur le site internet de la Soci\u00e9t\u00e9 sont r\u00e9elles et v\u00e9rifi\u00e9es. La Soci\u00e9t\u00e9 s&rsquo;engage \u00e0 fournir des descriptions pr\u00e9cises des produits propos\u00e9s \u00e0 la vente.<\/p><p>4. <strong>Modalit\u00e9s de paiement<\/strong><\/p><p>Le paiement des commandes s&rsquo;effectue exclusivement par virement bancaire sur un compte au nom de notre soci\u00e9t\u00e9 afin d&rsquo;assurer la s\u00e9curit\u00e9 de la transaction et de donner assurance aux clients. Les coordonn\u00e9es bancaires de la Soci\u00e9t\u00e9, incluant le num\u00e9ro de compte au nom de la Soci\u00e9t\u00e9, sont visibles sur le site internet et seront \u00e9galement fournies dans l&rsquo;e-mail de confirmation de commande. La commande sera exp\u00e9di\u00e9e une fois que le paiement aura \u00e9t\u00e9 re\u00e7u et confirm\u00e9 par la Soci\u00e9t\u00e9.<\/p><p>5. <strong>Livraison<\/strong><\/p><p>La livraison des produits est assur\u00e9e par les services d&rsquo;exp\u00e9dition de colis internationales. L&rsquo;exp\u00e9dition est effectu\u00e9e imm\u00e9diatement apr\u00e8s la confirmation de la commande et la r\u00e9ception du paiement. Un num\u00e9ro de suivi sera communiqu\u00e9 au Client par e-mail d\u00e8s l&rsquo;envoi du colis, permettant ainsi de suivre l&rsquo;\u00e9tat de la livraison en temps r\u00e9el.<\/p><p>6. <strong>Droit de r\u00e9tractation<\/strong><\/p><p>Conform\u00e9ment aux dispositions l\u00e9gales en vigueur, le Client dispose d&rsquo;un d\u00e9lai de 14 jours \u00e0 compter de la r\u00e9ception de sa commande pour exercer son droit de r\u00e9tractation sans avoir \u00e0 justifier de motifs ni \u00e0 payer de p\u00e9nalit\u00e9s. Le Client doit retourner les produits dans leur \u00e9tat d&rsquo;origine et les frais de retour sont \u00e0 la charge du Client.<\/p><p>7. <strong>Garantie et responsabilit\u00e9<\/strong><\/p><p>La Soci\u00e9t\u00e9 s&rsquo;engage \u00e0 fournir des produits conformes aux descriptions fournies sur le site. En cas de produit d\u00e9fectueux ou non conforme, le Client peut demander un \u00e9change ou un remboursement. La responsabilit\u00e9 de la Soci\u00e9t\u00e9 est limit\u00e9e au montant de la commande pass\u00e9e par le Client.<\/p><p>8. <strong>Protection des donn\u00e9es personnelles<\/strong><\/p><p>Les informations personnelles collect\u00e9es lors de la commande sont n\u00e9cessaires \u00e0 la gestion de la transaction et seront trait\u00e9es conform\u00e9ment \u00e0 la politique de confidentialit\u00e9 de la Soci\u00e9t\u00e9. Le Client dispose d&rsquo;un droit d&rsquo;acc\u00e8s, de modification, et de suppression de ses donn\u00e9es personnelles.<\/p><p>9. <strong>Droit applicable et juridiction comp\u00e9tente<\/strong><\/p><p>Les pr\u00e9sentes CGV sont soumises au droit de Madagascar. En cas de litige, les parties s&rsquo;engagent \u00e0 rechercher une solution amiable avant toute action judiciaire. \u00c0 d\u00e9faut d&rsquo;accord amiable, les tribunaux du si\u00e8ge social de la Soci\u00e9t\u00e9 seront comp\u00e9tents pour r\u00e9gler le litige.<\/p><p>10. <strong>Acceptation des CGV<\/strong><\/p><p>En validant sa commande, le Client d\u00e9clare accepter sans r\u00e9serve les pr\u00e9sentes Conditions G\u00e9n\u00e9rales de Vente.<\/p><p><strong>Service Client<\/strong><\/p><p>Notre service client est disponible 24\/7 pour r\u00e9pondre \u00e0 toutes vos questions. Vous pouvez nous contacter \u00e0 l&rsquo;adresse suivante : contact@tropicalspicesmadagascar.com<\/p>\t\t\t\t\t\t<\/div>\n\t\t\t\t<\/div>\n\t\t\t\t\t<\/div>\n\t\t\t\t<\/div>\n\t\t\t\t<\/div>","protected":false},"excerpt":{"rendered":"<p>Conditions G\u00e9n\u00e9rales de Vente (CGV) Objet Les pr\u00e9sentes Conditions G\u00e9n\u00e9rales de Vente (CGV) r\u00e9gissent les relations contractuelles entre la soci\u00e9t\u00e9 TROPICAL SPICES SARLU (ci-apr\u00e8s d\u00e9nomm\u00e9e \u00ab\u00a0la Soci\u00e9t\u00e9\u00a0\u00bb) et toute personne physique ou morale souhaitant effectuer un achat via le site internet https:\/\/tropicalspicesmadagascar.com\/ (ci-apr\u00e8s d\u00e9nomm\u00e9e \u00ab\u00a0le Client\u00a0\u00bb). 2. Confirmation de commande Toute commande pass\u00e9e sur notre [&hellip;]<\/p>","protected":false},"author":1,"featured_media":0,"parent":0,"menu_order":0,"comment_status":"closed","ping_status":"closed","template":"","meta":{"footnotes":""},"class_list":["post-924","page","type-page","status-publish","hentry"],"yoast_head":"<!-- This site is optimized with the Yoast SEO plugin v23.8 - https:\/\/yoast.com\/wordpress\/plugins\/seo\/ -->\n<title>cgv - Tropical Spices Madagascar<\/title>\n<meta name=\"robots\" content=\"index, follow, max-snippet:-1, max-image-preview:large, max-video-preview:-1\" \/>\n<link rel=\"canonical\" href=\"https:\/\/tropicalspicesmadagascar.com\/en\/cgv\/\" \/>\n<meta property=\"og:locale\" content=\"en_GB\" \/>\n<meta property=\"og:type\" content=\"article\" \/>\n<meta property=\"og:title\" content=\"cgv - Tropical Spices Madagascar\" \/>\n<meta property=\"og:description\" content=\"Conditions G\u00e9n\u00e9rales de Vente (CGV) Objet Les pr\u00e9sentes Conditions G\u00e9n\u00e9rales de Vente (CGV) r\u00e9gissent les relations contractuelles entre la soci\u00e9t\u00e9 TROPICAL SPICES SARLU (ci-apr\u00e8s d\u00e9nomm\u00e9e \u00ab\u00a0la Soci\u00e9t\u00e9\u00a0\u00bb) et toute personne physique ou morale souhaitant effectuer un achat via le site internet https:\/\/tropicalspicesmadagascar.com\/ (ci-apr\u00e8s d\u00e9nomm\u00e9e \u00ab\u00a0le Client\u00a0\u00bb). 2. Confirmation de commande Toute commande pass\u00e9e sur notre [&hellip;]\" \/>\n<meta property=\"og:url\" content=\"https:\/\/tropicalspicesmadagascar.com\/en\/cgv\/\" \/>\n<meta property=\"og:site_name\" content=\"Tropical Spices Madagascar\" \/>\n<meta property=\"article:modified_time\" content=\"2024-06-25T08:07:23+00:00\" \/>\n<meta name=\"twitter:card\" content=\"summary_large_image\" \/>\n<meta name=\"twitter:label1\" content=\"Estimated reading time\" \/>\n\t<meta name=\"twitter:data1\" content=\"3 minutes\" \/>\n<script type=\"application\/ld+json\" class=\"yoast-schema-graph\">{\"@context\":\"https:\/\/schema.org\",\"@graph\":[{\"@type\":\"WebPage\",\"@id\":\"https:\/\/tropicalspicesmadagascar.com\/cgv\/\",\"url\":\"https:\/\/tropicalspicesmadagascar.com\/cgv\/\",\"name\":\"cgv - Tropical Spices Madagascar\",\"isPartOf\":{\"@id\":\"https:\/\/tropicalspicesmadagascar.com\/#website\"},\"datePublished\":\"2024-06-25T07:56:34+00:00\",\"dateModified\":\"2024-06-25T08:07:23+00:00\",\"breadcrumb\":{\"@id\":\"https:\/\/tropicalspicesmadagascar.com\/cgv\/#breadcrumb\"},\"inLanguage\":\"en-GB\",\"potentialAction\":[{\"@type\":\"ReadAction\",\"target\":[\"https:\/\/tropicalspicesmadagascar.com\/cgv\/\"]}]},{\"@type\":\"BreadcrumbList\",\"@id\":\"https:\/\/tropicalspicesmadagascar.com\/cgv\/#breadcrumb\",\"itemListElement\":[{\"@type\":\"ListItem\",\"position\":1,\"name\":\"Accueil\",\"item\":\"https:\/\/tropicalspicesmadagascar.com\/\"},{\"@type\":\"ListItem\",\"position\":2,\"name\":\"cgv\"}]},{\"@type\":\"WebSite\",\"@id\":\"https:\/\/tropicalspicesmadagascar.com\/#website\",\"url\":\"https:\/\/tropicalspicesmadagascar.com\/\",\"name\":\"Tropical Spices Madagascar\",\"description\":\"Tropical Spices Madagascar\",\"publisher\":{\"@id\":\"https:\/\/tropicalspicesmadagascar.com\/#organization\"},\"potentialAction\":[{\"@type\":\"SearchAction\",\"target\":{\"@type\":\"EntryPoint\",\"urlTemplate\":\"https:\/\/tropicalspicesmadagascar.com\/?s={search_term_string}\"},\"query-input\":{\"@type\":\"PropertyValueSpecification\",\"valueRequired\":true,\"valueName\":\"search_term_string\"}}],\"inLanguage\":\"en-GB\"},{\"@type\":\"Organization\",\"@id\":\"https:\/\/tropicalspicesmadagascar.com\/#organization\",\"name\":\"Tropical Spices Madagascar\",\"url\":\"https:\/\/tropicalspicesmadagascar.com\/\",\"logo\":{\"@type\":\"ImageObject\",\"inLanguage\":\"en-GB\",\"@id\":\"https:\/\/tropicalspicesmadagascar.com\/#\/schema\/logo\/image\/\",\"url\":\"https:\/\/tropicalspicesmadagascar.com\/wp-content\/uploads\/2021\/04\/Tropical-Spices-Madagascar.png\",\"contentUrl\":\"https:\/\/tropicalspicesmadagascar.com\/wp-content\/uploads\/2021\/04\/Tropical-Spices-Madagascar.png\",\"width\":517,\"height\":483,\"caption\":\"Tropical Spices Madagascar\"},\"image\":{\"@id\":\"https:\/\/tropicalspicesmadagascar.com\/#\/schema\/logo\/image\/\"}}]}<\/script>\n<!-- \/ Yoast SEO plugin. -->","yoast_head_json":{"title":"cgv - Tropical Spices Madagascar","robots":{"index":"index","follow":"follow","max-snippet":"max-snippet:-1","max-image-preview":"max-image-preview:large","max-video-preview":"max-video-preview:-1"},"canonical":"https:\/\/tropicalspicesmadagascar.com\/en\/cgv\/","og_locale":"en_GB","og_type":"article","og_title":"cgv - Tropical Spices Madagascar","og_description":"Conditions G\u00e9n\u00e9rales de Vente (CGV) Objet Les pr\u00e9sentes Conditions G\u00e9n\u00e9rales de Vente (CGV) r\u00e9gissent les relations contractuelles entre la soci\u00e9t\u00e9 TROPICAL SPICES SARLU (ci-apr\u00e8s d\u00e9nomm\u00e9e \u00ab\u00a0la Soci\u00e9t\u00e9\u00a0\u00bb) et toute personne physique ou morale souhaitant effectuer un achat via le site internet https:\/\/tropicalspicesmadagascar.com\/ (ci-apr\u00e8s d\u00e9nomm\u00e9e \u00ab\u00a0le Client\u00a0\u00bb). 2. Confirmation de commande Toute commande pass\u00e9e sur notre [&hellip;]","og_url":"https:\/\/tropicalspicesmadagascar.com\/en\/cgv\/","og_site_name":"Tropical Spices Madagascar","article_modified_time":"2024-06-25T08:07:23+00:00","twitter_card":"summary_large_image","twitter_misc":{"Estimated reading time":"3 minutes"},"schema":{"@context":"https:\/\/schema.org","@graph":[{"@type":"WebPage","@id":"https:\/\/tropicalspicesmadagascar.com\/cgv\/","url":"https:\/\/tropicalspicesmadagascar.com\/cgv\/","name":"cgv - Tropical Spices Madagascar","isPartOf":{"@id":"https:\/\/tropicalspicesmadagascar.com\/#website"},"datePublished":"2024-06-25T07:56:34+00:00","dateModified":"2024-06-25T08:07:23+00:00","breadcrumb":{"@id":"https:\/\/tropicalspicesmadagascar.com\/cgv\/#breadcrumb"},"inLanguage":"en-GB","potentialAction":[{"@type":"ReadAction","target":["https:\/\/tropicalspicesmadagascar.com\/cgv\/"]}]},{"@type":"BreadcrumbList","@id":"https:\/\/tropicalspicesmadagascar.com\/cgv\/#breadcrumb","itemListElement":[{"@type":"ListItem","position":1,"name":"Accueil","item":"https:\/\/tropicalspicesmadagascar.com\/"},{"@type":"ListItem","position":2,"name":"cgv"}]},{"@type":"WebSite","@id":"https:\/\/tropicalspicesmadagascar.com\/#website","url":"https:\/\/tropicalspicesmadagascar.com\/","name":"Tropical Spices Madagascar","description":"Tropical Spices Madagascar","publisher":{"@id":"https:\/\/tropicalspicesmadagascar.com\/#organization"},"potentialAction":[{"@type":"SearchAction","target":{"@type":"EntryPoint","urlTemplate":"https:\/\/tropicalspicesmadagascar.com\/?s={search_term_string}"},"query-input":{"@type":"PropertyValueSpecification","valueRequired":true,"valueName":"search_term_string"}}],"inLanguage":"en-GB"},{"@type":"Organization","@id":"https:\/\/tropicalspicesmadagascar.com\/#organization","name":"Tropical Spices Madagascar","url":"https:\/\/tropicalspicesmadagascar.com\/","logo":{"@type":"ImageObject","inLanguage":"en-GB","@id":"https:\/\/tropicalspicesmadagascar.com\/#\/schema\/logo\/image\/","url":"https:\/\/tropicalspicesmadagascar.com\/wp-content\/uploads\/2021\/04\/Tropical-Spices-Madagascar.png","contentUrl":"https:\/\/tropicalspicesmadagascar.com\/wp-content\/uploads\/2021\/04\/Tropical-Spices-Madagascar.png","width":517,"height":483,"caption":"Tropical Spices Madagascar"},"image":{"@id":"https:\/\/tropicalspicesmadagascar.com\/#\/schema\/logo\/image\/"}}]}},"_links":{"self":[{"href":"https:\/\/tropicalspicesmadagascar.com\/en\/wp-json\/wp\/v2\/pages\/924"}],"collection":[{"href":"https:\/\/tropicalspicesmadagascar.com\/en\/wp-json\/wp\/v2\/pages"}],"about":[{"href":"https:\/\/tropicalspicesmadagascar.com\/en\/wp-json\/wp\/v2\/types\/page"}],"author":[{"embeddable":true,"href":"https:\/\/tropicalspicesmadagascar.com\/en\/wp-json\/wp\/v2\/users\/1"}],"replies":[{"embeddable":true,"href":"https:\/\/tropicalspicesmadagascar.com\/en\/wp-json\/wp\/v2\/comments?post=924"}],"version-history":[{"count":7,"href":"https:\/\/tropicalspicesmadagascar.com\/en\/wp-json\/wp\/v2\/pages\/924\/revisions"}],"predecessor-version":[{"id":933,"href":"https:\/\/tropicalspicesmadagascar.com\/en\/wp-json\/wp\/v2\/pages\/924\/revisions\/933"}],"wp:attachment":[{"href":"https:\/\/tropicalspicesmadagascar.com\/en\/wp-json\/wp\/v2\/media?parent=924"}],"curies":[{"name":"wp","href":"https:\/\/api.w.org\/{rel}","templated":true}]}}