{"id":979,"date":"2024-11-11T15:08:21","date_gmt":"2024-11-11T14:08:21","guid":{"rendered":"https:\/\/tropicalspicesmadagascar.com\/?page_id=979"},"modified":"2024-11-11T15:35:52","modified_gmt":"2024-11-11T14:35:52","slug":"epices","status":"publish","type":"page","link":"https:\/\/tropicalspicesmadagascar.com\/en\/epices\/","title":{"rendered":"\u00c9pices"},"content":{"rendered":"<div data-elementor-type=\"wp-page\" data-elementor-id=\"979\" class=\"elementor elementor-979\" data-elementor-post-type=\"page\">\n\t\t\t\t<div class=\"elementor-element elementor-element-b950c35 e-flex e-con-boxed e-con e-parent\" data-id=\"b950c35\" data-element_type=\"container\" data-settings=\"{&quot;background_background&quot;:&quot;classic&quot;}\">\n\t\t\t\t\t<div class=\"e-con-inner\">\n\t\t\t\t<div class=\"elementor-element elementor-element-272c195 elementor-widget-laptop__width-initial elementor-widget-tablet__width-inherit elementor-widget elementor-widget-heading\" data-id=\"272c195\" data-element_type=\"widget\" data-widget_type=\"heading.default\">\n\t\t\t\t<div class=\"elementor-widget-container\">\n\t\t\t<h2 class=\"elementor-heading-title elementor-size-default\">Nos \u00c9pices<\/h2>\t\t<\/div>\n\t\t\t\t<\/div>\n\t\t\t\t<div class=\"elementor-element elementor-element-a1dc82c elementor-widget__width-initial elementor-widget-tablet__width-inherit elementor-widget elementor-widget-text-editor\" data-id=\"a1dc82c\" data-element_type=\"widget\" data-widget_type=\"text-editor.default\">\n\t\t\t\t<div class=\"elementor-widget-container\">\n\t\t\t\t\t\t\t<p>D\u00e9couvrez la richesse aromatique de Madagascar, r\u00e9put\u00e9e pour ses \u00e9pices uniques et exceptionnelles. Nous vous proposons une s\u00e9lection authentique, directement issue de cette terre d\u2019abondance, o\u00f9 qualit\u00e9 et savoir-faire se conjuguent pour offrir des saveurs in\u00e9gal\u00e9es.<\/p>\t\t\t\t\t\t<\/div>\n\t\t\t\t<\/div>\n\t\t\t\t\t<\/div>\n\t\t\t\t<\/div>\n\t\t\t\t<\/div>","protected":false},"excerpt":{"rendered":"<p>Nos \u00c9pices D\u00e9couvrez la richesse aromatique de Madagascar, r\u00e9put\u00e9e pour ses \u00e9pices uniques et exceptionnelles. Nous vous proposons une s\u00e9lection authentique, directement issue de cette terre d\u2019abondance, o\u00f9 qualit\u00e9 et savoir-faire se conjuguent pour offrir des saveurs in\u00e9gal\u00e9es. Piment pili pili Ajouter au panier Gingembre Ajouter au panier Clou de girofle de Madagascar Ajouter au [&hellip;]<\/p>","protected":false},"author":1,"featured_media":0,"parent":0,"menu_order":0,"comment_status":"closed","ping_status":"closed","template":"","meta":{"footnotes":""},"class_list":["post-979","page","type-page","status-publish","hentry"],"yoast_head":"<!-- This site is optimized with the Yoast SEO plugin v23.8 - https:\/\/yoast.com\/wordpress\/plugins\/seo\/ -->\n<title>\u00c9pices - Tropical Spices Madagascar<\/title>\n<meta name=\"robots\" content=\"index, follow, max-snippet:-1, max-image-preview:large, max-video-preview:-1\" \/>\n<link rel=\"canonical\" href=\"https:\/\/tropicalspicesmadagascar.com\/en\/epices\/\" \/>\n<meta property=\"og:locale\" content=\"en_GB\" \/>\n<meta property=\"og:type\" content=\"article\" \/>\n<meta property=\"og:title\" content=\"\u00c9pices - Tropical Spices Madagascar\" \/>\n<meta property=\"og:description\" content=\"Nos \u00c9pices D\u00e9couvrez la richesse aromatique de Madagascar, r\u00e9put\u00e9e pour ses \u00e9pices uniques et exceptionnelles. Nous vous proposons une s\u00e9lection authentique, directement issue de cette terre d\u2019abondance, o\u00f9 qualit\u00e9 et savoir-faire se conjuguent pour offrir des saveurs in\u00e9gal\u00e9es. Piment pili pili Ajouter au panier Gingembre Ajouter au panier Clou de girofle de Madagascar Ajouter au [&hellip;]\" \/>\n<meta property=\"og:url\" content=\"https:\/\/tropicalspicesmadagascar.com\/en\/epices\/\" \/>\n<meta property=\"og:site_name\" content=\"Tropical Spices Madagascar\" \/>\n<meta property=\"article:modified_time\" content=\"2024-11-11T14:35:52+00:00\" \/>\n<meta property=\"og:image\" content=\"https:\/\/tropicalspicesmadagascar.com\/wp-content\/uploads\/2024\/08\/374952783_301374962533072_7282871791269317240_n-503x378.jpg\" \/>\n<meta name=\"twitter:card\" content=\"summary_large_image\" \/>\n<meta name=\"twitter:label1\" content=\"Estimated reading time\" \/>\n\t<meta name=\"twitter:data1\" content=\"2 minutes\" \/>\n<script type=\"application\/ld+json\" class=\"yoast-schema-graph\">{\"@context\":\"https:\/\/schema.org\",\"@graph\":[{\"@type\":\"WebPage\",\"@id\":\"https:\/\/tropicalspicesmadagascar.com\/epices\/\",\"url\":\"https:\/\/tropicalspicesmadagascar.com\/epices\/\",\"name\":\"\u00c9pices - Tropical Spices Madagascar\",\"isPartOf\":{\"@id\":\"https:\/\/tropicalspicesmadagascar.com\/#website\"},\"primaryImageOfPage\":{\"@id\":\"https:\/\/tropicalspicesmadagascar.com\/epices\/#primaryimage\"},\"image\":{\"@id\":\"https:\/\/tropicalspicesmadagascar.com\/epices\/#primaryimage\"},\"thumbnailUrl\":\"https:\/\/tropicalspicesmadagascar.com\/wp-content\/uploads\/2024\/08\/374952783_301374962533072_7282871791269317240_n-503x378.jpg\",\"datePublished\":\"2024-11-11T14:08:21+00:00\",\"dateModified\":\"2024-11-11T14:35:52+00:00\",\"breadcrumb\":{\"@id\":\"https:\/\/tropicalspicesmadagascar.com\/epices\/#breadcrumb\"},\"inLanguage\":\"en-GB\",\"potentialAction\":[{\"@type\":\"ReadAction\",\"target\":[\"https:\/\/tropicalspicesmadagascar.com\/epices\/\"]}]},{\"@type\":\"ImageObject\",\"inLanguage\":\"en-GB\",\"@id\":\"https:\/\/tropicalspicesmadagascar.com\/epices\/#primaryimage\",\"url\":\"https:\/\/tropicalspicesmadagascar.com\/wp-content\/uploads\/2024\/08\/374952783_301374962533072_7282871791269317240_n-503x378.jpg\",\"contentUrl\":\"https:\/\/tropicalspicesmadagascar.com\/wp-content\/uploads\/2024\/08\/374952783_301374962533072_7282871791269317240_n-503x378.jpg\"},{\"@type\":\"BreadcrumbList\",\"@id\":\"https:\/\/tropicalspicesmadagascar.com\/epices\/#breadcrumb\",\"itemListElement\":[{\"@type\":\"ListItem\",\"position\":1,\"name\":\"Accueil\",\"item\":\"https:\/\/tropicalspicesmadagascar.com\/\"},{\"@type\":\"ListItem\",\"position\":2,\"name\":\"\u00c9pices\"}]},{\"@type\":\"WebSite\",\"@id\":\"https:\/\/tropicalspicesmadagascar.com\/#website\",\"url\":\"https:\/\/tropicalspicesmadagascar.com\/\",\"name\":\"Tropical Spices Madagascar\",\"description\":\"Tropical Spices Madagascar\",\"publisher\":{\"@id\":\"https:\/\/tropicalspicesmadagascar.com\/#organization\"},\"potentialAction\":[{\"@type\":\"SearchAction\",\"target\":{\"@type\":\"EntryPoint\",\"urlTemplate\":\"https:\/\/tropicalspicesmadagascar.com\/?s={search_term_string}\"},\"query-input\":{\"@type\":\"PropertyValueSpecification\",\"valueRequired\":true,\"valueName\":\"search_term_string\"}}],\"inLanguage\":\"en-GB\"},{\"@type\":\"Organization\",\"@id\":\"https:\/\/tropicalspicesmadagascar.com\/#organization\",\"name\":\"Tropical Spices Madagascar\",\"url\":\"https:\/\/tropicalspicesmadagascar.com\/\",\"logo\":{\"@type\":\"ImageObject\",\"inLanguage\":\"en-GB\",\"@id\":\"https:\/\/tropicalspicesmadagascar.com\/#\/schema\/logo\/image\/\",\"url\":\"https:\/\/tropicalspicesmadagascar.com\/wp-content\/uploads\/2021\/04\/Tropical-Spices-Madagascar.png\",\"contentUrl\":\"https:\/\/tropicalspicesmadagascar.com\/wp-content\/uploads\/2021\/04\/Tropical-Spices-Madagascar.png\",\"width\":517,\"height\":483,\"caption\":\"Tropical Spices Madagascar\"},\"image\":{\"@id\":\"https:\/\/tropicalspicesmadagascar.com\/#\/schema\/logo\/image\/\"}}]}<\/script>\n<!-- \/ Yoast SEO plugin. -->","yoast_head_json":{"title":"\u00c9pices - Tropical Spices Madagascar","robots":{"index":"index","follow":"follow","max-snippet":"max-snippet:-1","max-image-preview":"max-image-preview:large","max-video-preview":"max-video-preview:-1"},"canonical":"https:\/\/tropicalspicesmadagascar.com\/en\/epices\/","og_locale":"en_GB","og_type":"article","og_title":"\u00c9pices - Tropical Spices Madagascar","og_description":"Nos \u00c9pices D\u00e9couvrez la richesse aromatique de Madagascar, r\u00e9put\u00e9e pour ses \u00e9pices uniques et exceptionnelles. Nous vous proposons une s\u00e9lection authentique, directement issue de cette terre d\u2019abondance, o\u00f9 qualit\u00e9 et savoir-faire se conjuguent pour offrir des saveurs in\u00e9gal\u00e9es. Piment pili pili Ajouter au panier Gingembre Ajouter au panier Clou de girofle de Madagascar Ajouter au [&hellip;]","og_url":"https:\/\/tropicalspicesmadagascar.com\/en\/epices\/","og_site_name":"Tropical Spices Madagascar","article_modified_time":"2024-11-11T14:35:52+00:00","og_image":[{"url":"https:\/\/tropicalspicesmadagascar.com\/wp-content\/uploads\/2024\/08\/374952783_301374962533072_7282871791269317240_n-503x378.jpg"}],"twitter_card":"summary_large_image","twitter_misc":{"Estimated reading time":"2 minutes"},"schema":{"@context":"https:\/\/schema.org","@graph":[{"@type":"WebPage","@id":"https:\/\/tropicalspicesmadagascar.com\/epices\/","url":"https:\/\/tropicalspicesmadagascar.com\/epices\/","name":"\u00c9pices - Tropical Spices Madagascar","isPartOf":{"@id":"https:\/\/tropicalspicesmadagascar.com\/#website"},"primaryImageOfPage":{"@id":"https:\/\/tropicalspicesmadagascar.com\/epices\/#primaryimage"},"image":{"@id":"https:\/\/tropicalspicesmadagascar.com\/epices\/#primaryimage"},"thumbnailUrl":"https:\/\/tropicalspicesmadagascar.com\/wp-content\/uploads\/2024\/08\/374952783_301374962533072_7282871791269317240_n-503x378.jpg","datePublished":"2024-11-11T14:08:21+00:00","dateModified":"2024-11-11T14:35:52+00:00","breadcrumb":{"@id":"https:\/\/tropicalspicesmadagascar.com\/epices\/#breadcrumb"},"inLanguage":"en-GB","potentialAction":[{"@type":"ReadAction","target":["https:\/\/tropicalspicesmadagascar.com\/epices\/"]}]},{"@type":"ImageObject","inLanguage":"en-GB","@id":"https:\/\/tropicalspicesmadagascar.com\/epices\/#primaryimage","url":"https:\/\/tropicalspicesmadagascar.com\/wp-content\/uploads\/2024\/08\/374952783_301374962533072_7282871791269317240_n-503x378.jpg","contentUrl":"https:\/\/tropicalspicesmadagascar.com\/wp-content\/uploads\/2024\/08\/374952783_301374962533072_7282871791269317240_n-503x378.jpg"},{"@type":"BreadcrumbList","@id":"https:\/\/tropicalspicesmadagascar.com\/epices\/#breadcrumb","itemListElement":[{"@type":"ListItem","position":1,"name":"Accueil","item":"https:\/\/tropicalspicesmadagascar.com\/"},{"@type":"ListItem","position":2,"name":"\u00c9pices"}]},{"@type":"WebSite","@id":"https:\/\/tropicalspicesmadagascar.com\/#website","url":"https:\/\/tropicalspicesmadagascar.com\/","name":"Tropical Spices Madagascar","description":"Tropical Spices Madagascar","publisher":{"@id":"https:\/\/tropicalspicesmadagascar.com\/#organization"},"potentialAction":[{"@type":"SearchAction","target":{"@type":"EntryPoint","urlTemplate":"https:\/\/tropicalspicesmadagascar.com\/?s={search_term_string}"},"query-input":{"@type":"PropertyValueSpecification","valueRequired":true,"valueName":"search_term_string"}}],"inLanguage":"en-GB"},{"@type":"Organization","@id":"https:\/\/tropicalspicesmadagascar.com\/#organization","name":"Tropical Spices Madagascar","url":"https:\/\/tropicalspicesmadagascar.com\/","logo":{"@type":"ImageObject","inLanguage":"en-GB","@id":"https:\/\/tropicalspicesmadagascar.com\/#\/schema\/logo\/image\/","url":"https:\/\/tropicalspicesmadagascar.com\/wp-content\/uploads\/2021\/04\/Tropical-Spices-Madagascar.png","contentUrl":"https:\/\/tropicalspicesmadagascar.com\/wp-content\/uploads\/2021\/04\/Tropical-Spices-Madagascar.png","width":517,"height":483,"caption":"Tropical Spices Madagascar"},"image":{"@id":"https:\/\/tropicalspicesmadagascar.com\/#\/schema\/logo\/image\/"}}]}},"_links":{"self":[{"href":"https:\/\/tropicalspicesmadagascar.com\/en\/wp-json\/wp\/v2\/pages\/979"}],"collection":[{"href":"https:\/\/tropicalspicesmadagascar.com\/en\/wp-json\/wp\/v2\/pages"}],"about":[{"href":"https:\/\/tropicalspicesmadagascar.com\/en\/wp-json\/wp\/v2\/types\/page"}],"author":[{"embeddable":true,"href":"https:\/\/tropicalspicesmadagascar.com\/en\/wp-json\/wp\/v2\/users\/1"}],"replies":[{"embeddable":true,"href":"https:\/\/tropicalspicesmadagascar.com\/en\/wp-json\/wp\/v2\/comments?post=979"}],"version-history":[{"count":7,"href":"https:\/\/tropicalspicesmadagascar.com\/en\/wp-json\/wp\/v2\/pages\/979\/revisions"}],"predecessor-version":[{"id":1017,"href":"https:\/\/tropicalspicesmadagascar.com\/en\/wp-json\/wp\/v2\/pages\/979\/revisions\/1017"}],"wp:attachment":[{"href":"https:\/\/tropicalspicesmadagascar.com\/en\/wp-json\/wp\/v2\/media?parent=979"}],"curies":[{"name":"wp","href":"https:\/\/api.w.org\/{rel}","templated":true}]}}