{"id":986,"date":"2024-11-11T15:18:45","date_gmt":"2024-11-11T14:18:45","guid":{"rendered":"https:\/\/tropicalspicesmadagascar.com\/?page_id=986"},"modified":"2024-11-11T15:36:37","modified_gmt":"2024-11-11T14:36:37","slug":"fruits-et-legumes","status":"publish","type":"page","link":"https:\/\/tropicalspicesmadagascar.com\/en\/fruits-et-legumes\/","title":{"rendered":"Fruits et L\u00e9gumes"},"content":{"rendered":"<div data-elementor-type=\"wp-page\" data-elementor-id=\"986\" class=\"elementor elementor-986\" data-elementor-post-type=\"page\">\n\t\t\t\t<div class=\"elementor-element elementor-element-b950c35 e-flex e-con-boxed e-con e-parent\" data-id=\"b950c35\" data-element_type=\"container\" data-settings=\"{&quot;background_background&quot;:&quot;classic&quot;}\">\n\t\t\t\t\t<div class=\"e-con-inner\">\n\t\t\t\t<div class=\"elementor-element elementor-element-272c195 elementor-widget-laptop__width-initial elementor-widget-tablet__width-inherit elementor-widget elementor-widget-heading\" data-id=\"272c195\" data-element_type=\"widget\" data-widget_type=\"heading.default\">\n\t\t\t\t<div class=\"elementor-widget-container\">\n\t\t\t<h2 class=\"elementor-heading-title elementor-size-default\">Fruits et L\u00e9gumes<\/h2>\t\t<\/div>\n\t\t\t\t<\/div>\n\t\t\t\t<div class=\"elementor-element elementor-element-a1dc82c elementor-widget__width-initial elementor-widget-tablet__width-inherit elementor-widget elementor-widget-text-editor\" data-id=\"a1dc82c\" data-element_type=\"widget\" data-widget_type=\"text-editor.default\">\n\t\t\t\t<div class=\"elementor-widget-container\">\n\t\t\t\t\t\t\t<p>Savourez la fra\u00eecheur et l&rsquo;authenticit\u00e9 des fruits et l\u00e9gumes de Madagascar, cultiv\u00e9s dans un environnement pr\u00e9serv\u00e9. Riches en saveurs et en nutriments, ils refl\u00e8tent la diversit\u00e9 et la richesse de notre terroir exceptionnel.<\/p>\t\t\t\t\t\t<\/div>\n\t\t\t\t<\/div>\n\t\t\t\t\t<\/div>\n\t\t\t\t<\/div>\n\t\t\t\t<\/div>","protected":false},"excerpt":{"rendered":"<p>Fruits et L\u00e9gumes Savourez la fra\u00eecheur et l&rsquo;authenticit\u00e9 des fruits et l\u00e9gumes de Madagascar, cultiv\u00e9s dans un environnement pr\u00e9serv\u00e9. Riches en saveurs et en nutriments, ils refl\u00e8tent la diversit\u00e9 et la richesse de notre terroir exceptionnel. Clou de girofle de Madagascar Ajouter au panier<\/p>","protected":false},"author":1,"featured_media":0,"parent":0,"menu_order":0,"comment_status":"closed","ping_status":"closed","template":"","meta":{"footnotes":""},"class_list":["post-986","page","type-page","status-publish","hentry"],"yoast_head":"<!-- This site is optimized with the Yoast SEO plugin v23.8 - https:\/\/yoast.com\/wordpress\/plugins\/seo\/ -->\n<title>Fruits et L\u00e9gumes - Tropical Spices Madagascar<\/title>\n<meta name=\"robots\" content=\"index, follow, max-snippet:-1, max-image-preview:large, max-video-preview:-1\" \/>\n<link rel=\"canonical\" href=\"https:\/\/tropicalspicesmadagascar.com\/en\/fruits-et-legumes\/\" \/>\n<meta property=\"og:locale\" content=\"en_GB\" \/>\n<meta property=\"og:type\" content=\"article\" \/>\n<meta property=\"og:title\" content=\"Fruits et L\u00e9gumes - Tropical Spices Madagascar\" \/>\n<meta property=\"og:description\" content=\"Fruits et L\u00e9gumes Savourez la fra\u00eecheur et l&rsquo;authenticit\u00e9 des fruits et l\u00e9gumes de Madagascar, cultiv\u00e9s dans un environnement pr\u00e9serv\u00e9. Riches en saveurs et en nutriments, ils refl\u00e8tent la diversit\u00e9 et la richesse de notre terroir exceptionnel. Clou de girofle de Madagascar Ajouter au panier\" \/>\n<meta property=\"og:url\" content=\"https:\/\/tropicalspicesmadagascar.com\/en\/fruits-et-legumes\/\" \/>\n<meta property=\"og:site_name\" content=\"Tropical Spices Madagascar\" \/>\n<meta property=\"article:modified_time\" content=\"2024-11-11T14:36:37+00:00\" \/>\n<meta property=\"og:image\" content=\"https:\/\/tropicalspicesmadagascar.com\/wp-content\/uploads\/2024\/08\/1721558790691-503x378.jpeg\" \/>\n<meta name=\"twitter:card\" content=\"summary_large_image\" \/>\n<meta name=\"twitter:label1\" content=\"Estimated reading time\" \/>\n\t<meta name=\"twitter:data1\" content=\"1 minute\" \/>\n<script type=\"application\/ld+json\" class=\"yoast-schema-graph\">{\"@context\":\"https:\/\/schema.org\",\"@graph\":[{\"@type\":\"WebPage\",\"@id\":\"https:\/\/tropicalspicesmadagascar.com\/fruits-et-legumes\/\",\"url\":\"https:\/\/tropicalspicesmadagascar.com\/fruits-et-legumes\/\",\"name\":\"Fruits et L\u00e9gumes - Tropical Spices Madagascar\",\"isPartOf\":{\"@id\":\"https:\/\/tropicalspicesmadagascar.com\/#website\"},\"primaryImageOfPage\":{\"@id\":\"https:\/\/tropicalspicesmadagascar.com\/fruits-et-legumes\/#primaryimage\"},\"image\":{\"@id\":\"https:\/\/tropicalspicesmadagascar.com\/fruits-et-legumes\/#primaryimage\"},\"thumbnailUrl\":\"https:\/\/tropicalspicesmadagascar.com\/wp-content\/uploads\/2024\/08\/1721558790691-503x378.jpeg\",\"datePublished\":\"2024-11-11T14:18:45+00:00\",\"dateModified\":\"2024-11-11T14:36:37+00:00\",\"breadcrumb\":{\"@id\":\"https:\/\/tropicalspicesmadagascar.com\/fruits-et-legumes\/#breadcrumb\"},\"inLanguage\":\"en-GB\",\"potentialAction\":[{\"@type\":\"ReadAction\",\"target\":[\"https:\/\/tropicalspicesmadagascar.com\/fruits-et-legumes\/\"]}]},{\"@type\":\"ImageObject\",\"inLanguage\":\"en-GB\",\"@id\":\"https:\/\/tropicalspicesmadagascar.com\/fruits-et-legumes\/#primaryimage\",\"url\":\"https:\/\/tropicalspicesmadagascar.com\/wp-content\/uploads\/2024\/08\/1721558790691-503x378.jpeg\",\"contentUrl\":\"https:\/\/tropicalspicesmadagascar.com\/wp-content\/uploads\/2024\/08\/1721558790691-503x378.jpeg\"},{\"@type\":\"BreadcrumbList\",\"@id\":\"https:\/\/tropicalspicesmadagascar.com\/fruits-et-legumes\/#breadcrumb\",\"itemListElement\":[{\"@type\":\"ListItem\",\"position\":1,\"name\":\"Accueil\",\"item\":\"https:\/\/tropicalspicesmadagascar.com\/\"},{\"@type\":\"ListItem\",\"position\":2,\"name\":\"Fruits et L\u00e9gumes\"}]},{\"@type\":\"WebSite\",\"@id\":\"https:\/\/tropicalspicesmadagascar.com\/#website\",\"url\":\"https:\/\/tropicalspicesmadagascar.com\/\",\"name\":\"Tropical Spices Madagascar\",\"description\":\"Tropical Spices Madagascar\",\"publisher\":{\"@id\":\"https:\/\/tropicalspicesmadagascar.com\/#organization\"},\"potentialAction\":[{\"@type\":\"SearchAction\",\"target\":{\"@type\":\"EntryPoint\",\"urlTemplate\":\"https:\/\/tropicalspicesmadagascar.com\/?s={search_term_string}\"},\"query-input\":{\"@type\":\"PropertyValueSpecification\",\"valueRequired\":true,\"valueName\":\"search_term_string\"}}],\"inLanguage\":\"en-GB\"},{\"@type\":\"Organization\",\"@id\":\"https:\/\/tropicalspicesmadagascar.com\/#organization\",\"name\":\"Tropical Spices Madagascar\",\"url\":\"https:\/\/tropicalspicesmadagascar.com\/\",\"logo\":{\"@type\":\"ImageObject\",\"inLanguage\":\"en-GB\",\"@id\":\"https:\/\/tropicalspicesmadagascar.com\/#\/schema\/logo\/image\/\",\"url\":\"https:\/\/tropicalspicesmadagascar.com\/wp-content\/uploads\/2021\/04\/Tropical-Spices-Madagascar.png\",\"contentUrl\":\"https:\/\/tropicalspicesmadagascar.com\/wp-content\/uploads\/2021\/04\/Tropical-Spices-Madagascar.png\",\"width\":517,\"height\":483,\"caption\":\"Tropical Spices Madagascar\"},\"image\":{\"@id\":\"https:\/\/tropicalspicesmadagascar.com\/#\/schema\/logo\/image\/\"}}]}<\/script>\n<!-- \/ Yoast SEO plugin. -->","yoast_head_json":{"title":"Fruits et L\u00e9gumes - Tropical Spices Madagascar","robots":{"index":"index","follow":"follow","max-snippet":"max-snippet:-1","max-image-preview":"max-image-preview:large","max-video-preview":"max-video-preview:-1"},"canonical":"https:\/\/tropicalspicesmadagascar.com\/en\/fruits-et-legumes\/","og_locale":"en_GB","og_type":"article","og_title":"Fruits et L\u00e9gumes - Tropical Spices Madagascar","og_description":"Fruits et L\u00e9gumes Savourez la fra\u00eecheur et l&rsquo;authenticit\u00e9 des fruits et l\u00e9gumes de Madagascar, cultiv\u00e9s dans un environnement pr\u00e9serv\u00e9. Riches en saveurs et en nutriments, ils refl\u00e8tent la diversit\u00e9 et la richesse de notre terroir exceptionnel. Clou de girofle de Madagascar Ajouter au panier","og_url":"https:\/\/tropicalspicesmadagascar.com\/en\/fruits-et-legumes\/","og_site_name":"Tropical Spices Madagascar","article_modified_time":"2024-11-11T14:36:37+00:00","og_image":[{"url":"https:\/\/tropicalspicesmadagascar.com\/wp-content\/uploads\/2024\/08\/1721558790691-503x378.jpeg"}],"twitter_card":"summary_large_image","twitter_misc":{"Estimated reading time":"1 minute"},"schema":{"@context":"https:\/\/schema.org","@graph":[{"@type":"WebPage","@id":"https:\/\/tropicalspicesmadagascar.com\/fruits-et-legumes\/","url":"https:\/\/tropicalspicesmadagascar.com\/fruits-et-legumes\/","name":"Fruits et L\u00e9gumes - Tropical Spices Madagascar","isPartOf":{"@id":"https:\/\/tropicalspicesmadagascar.com\/#website"},"primaryImageOfPage":{"@id":"https:\/\/tropicalspicesmadagascar.com\/fruits-et-legumes\/#primaryimage"},"image":{"@id":"https:\/\/tropicalspicesmadagascar.com\/fruits-et-legumes\/#primaryimage"},"thumbnailUrl":"https:\/\/tropicalspicesmadagascar.com\/wp-content\/uploads\/2024\/08\/1721558790691-503x378.jpeg","datePublished":"2024-11-11T14:18:45+00:00","dateModified":"2024-11-11T14:36:37+00:00","breadcrumb":{"@id":"https:\/\/tropicalspicesmadagascar.com\/fruits-et-legumes\/#breadcrumb"},"inLanguage":"en-GB","potentialAction":[{"@type":"ReadAction","target":["https:\/\/tropicalspicesmadagascar.com\/fruits-et-legumes\/"]}]},{"@type":"ImageObject","inLanguage":"en-GB","@id":"https:\/\/tropicalspicesmadagascar.com\/fruits-et-legumes\/#primaryimage","url":"https:\/\/tropicalspicesmadagascar.com\/wp-content\/uploads\/2024\/08\/1721558790691-503x378.jpeg","contentUrl":"https:\/\/tropicalspicesmadagascar.com\/wp-content\/uploads\/2024\/08\/1721558790691-503x378.jpeg"},{"@type":"BreadcrumbList","@id":"https:\/\/tropicalspicesmadagascar.com\/fruits-et-legumes\/#breadcrumb","itemListElement":[{"@type":"ListItem","position":1,"name":"Accueil","item":"https:\/\/tropicalspicesmadagascar.com\/"},{"@type":"ListItem","position":2,"name":"Fruits et L\u00e9gumes"}]},{"@type":"WebSite","@id":"https:\/\/tropicalspicesmadagascar.com\/#website","url":"https:\/\/tropicalspicesmadagascar.com\/","name":"Tropical Spices Madagascar","description":"Tropical Spices Madagascar","publisher":{"@id":"https:\/\/tropicalspicesmadagascar.com\/#organization"},"potentialAction":[{"@type":"SearchAction","target":{"@type":"EntryPoint","urlTemplate":"https:\/\/tropicalspicesmadagascar.com\/?s={search_term_string}"},"query-input":{"@type":"PropertyValueSpecification","valueRequired":true,"valueName":"search_term_string"}}],"inLanguage":"en-GB"},{"@type":"Organization","@id":"https:\/\/tropicalspicesmadagascar.com\/#organization","name":"Tropical Spices Madagascar","url":"https:\/\/tropicalspicesmadagascar.com\/","logo":{"@type":"ImageObject","inLanguage":"en-GB","@id":"https:\/\/tropicalspicesmadagascar.com\/#\/schema\/logo\/image\/","url":"https:\/\/tropicalspicesmadagascar.com\/wp-content\/uploads\/2021\/04\/Tropical-Spices-Madagascar.png","contentUrl":"https:\/\/tropicalspicesmadagascar.com\/wp-content\/uploads\/2021\/04\/Tropical-Spices-Madagascar.png","width":517,"height":483,"caption":"Tropical Spices Madagascar"},"image":{"@id":"https:\/\/tropicalspicesmadagascar.com\/#\/schema\/logo\/image\/"}}]}},"_links":{"self":[{"href":"https:\/\/tropicalspicesmadagascar.com\/en\/wp-json\/wp\/v2\/pages\/986"}],"collection":[{"href":"https:\/\/tropicalspicesmadagascar.com\/en\/wp-json\/wp\/v2\/pages"}],"about":[{"href":"https:\/\/tropicalspicesmadagascar.com\/en\/wp-json\/wp\/v2\/types\/page"}],"author":[{"embeddable":true,"href":"https:\/\/tropicalspicesmadagascar.com\/en\/wp-json\/wp\/v2\/users\/1"}],"replies":[{"embeddable":true,"href":"https:\/\/tropicalspicesmadagascar.com\/en\/wp-json\/wp\/v2\/comments?post=986"}],"version-history":[{"count":10,"href":"https:\/\/tropicalspicesmadagascar.com\/en\/wp-json\/wp\/v2\/pages\/986\/revisions"}],"predecessor-version":[{"id":1023,"href":"https:\/\/tropicalspicesmadagascar.com\/en\/wp-json\/wp\/v2\/pages\/986\/revisions\/1023"}],"wp:attachment":[{"href":"https:\/\/tropicalspicesmadagascar.com\/en\/wp-json\/wp\/v2\/media?parent=986"}],"curies":[{"name":"wp","href":"https:\/\/api.w.org\/{rel}","templated":true}]}}