{"id":987,"date":"2024-11-11T15:20:32","date_gmt":"2024-11-11T14:20:32","guid":{"rendered":"https:\/\/tropicalspicesmadagascar.com\/?page_id=987"},"modified":"2024-11-11T15:35:15","modified_gmt":"2024-11-11T14:35:15","slug":"vanille","status":"publish","type":"page","link":"https:\/\/tropicalspicesmadagascar.com\/en\/vanille\/","title":{"rendered":"Vanilla"},"content":{"rendered":"<div data-elementor-type=\"wp-page\" data-elementor-id=\"987\" class=\"elementor elementor-987\" data-elementor-post-type=\"page\">\n\t\t\t\t<div class=\"elementor-element elementor-element-b950c35 e-flex e-con-boxed e-con e-parent\" data-id=\"b950c35\" data-element_type=\"container\" data-settings=\"{&quot;background_background&quot;:&quot;classic&quot;}\">\n\t\t\t\t\t<div class=\"e-con-inner\">\n\t\t\t\t<div class=\"elementor-element elementor-element-272c195 elementor-widget-laptop__width-initial elementor-widget-tablet__width-inherit elementor-widget elementor-widget-heading\" data-id=\"272c195\" data-element_type=\"widget\" data-widget_type=\"heading.default\">\n\t\t\t\t<div class=\"elementor-widget-container\">\n\t\t\t<h2 class=\"elementor-heading-title elementor-size-default\">Vanilla<\/h2>\t\t<\/div>\n\t\t\t\t<\/div>\n\t\t\t\t<div class=\"elementor-element elementor-element-a1dc82c elementor-widget__width-initial elementor-widget-tablet__width-inherit elementor-widget elementor-widget-text-editor\" data-id=\"a1dc82c\" data-element_type=\"widget\" data-widget_type=\"text-editor.default\">\n\t\t\t\t<div class=\"elementor-widget-container\">\n\t\t\t\t\t\t\t<p>Embl\u00e8me de Madagascar, notre vanille offre un parfum riche et envo\u00fbtant, r\u00e9sultat d&rsquo;un savoir-faire artisanal transmis de g\u00e9n\u00e9ration en g\u00e9n\u00e9ration. Appr\u00e9ci\u00e9e dans le monde entier, elle incarne l&rsquo;excellence et l&rsquo;authenticit\u00e9.<\/p>\t\t\t\t\t\t<\/div>\n\t\t\t\t<\/div>\n\t\t\t\t\t<\/div>\n\t\t\t\t<\/div>\n\t\t\t\t<\/div>","protected":false},"excerpt":{"rendered":"<p>Vanille Embl\u00e8me de Madagascar, notre vanille offre un parfum riche et envo\u00fbtant, r\u00e9sultat d&rsquo;un savoir-faire artisanal transmis de g\u00e9n\u00e9ration en g\u00e9n\u00e9ration. Appr\u00e9ci\u00e9e dans le monde entier, elle incarne l&rsquo;excellence et l&rsquo;authenticit\u00e9. Clou de girofle de Madagascar Ajouter au panier Vanille Noir Gourmet &euro;150.00 Ajouter au panier Cuts de vanille &euro;90.00 Ajouter au panier Extrait de [&hellip;]<\/p>","protected":false},"author":1,"featured_media":0,"parent":0,"menu_order":0,"comment_status":"closed","ping_status":"closed","template":"","meta":{"footnotes":""},"class_list":["post-987","page","type-page","status-publish","hentry"],"yoast_head":"<!-- This site is optimized with the Yoast SEO plugin v23.8 - https:\/\/yoast.com\/wordpress\/plugins\/seo\/ -->\n<title>Vanille - Tropical Spices Madagascar<\/title>\n<meta name=\"robots\" content=\"index, follow, max-snippet:-1, max-image-preview:large, max-video-preview:-1\" \/>\n<link rel=\"canonical\" href=\"https:\/\/tropicalspicesmadagascar.com\/en\/vanille\/\" \/>\n<meta property=\"og:locale\" content=\"en_GB\" \/>\n<meta property=\"og:type\" content=\"article\" \/>\n<meta property=\"og:title\" content=\"Vanille - Tropical Spices Madagascar\" \/>\n<meta property=\"og:description\" content=\"Vanille Embl\u00e8me de Madagascar, notre vanille offre un parfum riche et envo\u00fbtant, r\u00e9sultat d&rsquo;un savoir-faire artisanal transmis de g\u00e9n\u00e9ration en g\u00e9n\u00e9ration. Appr\u00e9ci\u00e9e dans le monde entier, elle incarne l&rsquo;excellence et l&rsquo;authenticit\u00e9. Clou de girofle de Madagascar Ajouter au panier Vanille Noir Gourmet &euro;150.00 Ajouter au panier Cuts de vanille &euro;90.00 Ajouter au panier Extrait de [&hellip;]\" \/>\n<meta property=\"og:url\" content=\"https:\/\/tropicalspicesmadagascar.com\/en\/vanille\/\" \/>\n<meta property=\"og:site_name\" content=\"Tropical Spices Madagascar\" \/>\n<meta property=\"article:modified_time\" content=\"2024-11-11T14:35:15+00:00\" \/>\n<meta property=\"og:image\" content=\"https:\/\/tropicalspicesmadagascar.com\/wp-content\/uploads\/2024\/08\/1721558790691-503x378.jpeg\" \/>\n<meta name=\"twitter:card\" content=\"summary_large_image\" \/>\n<meta name=\"twitter:label1\" content=\"Estimated reading time\" \/>\n\t<meta name=\"twitter:data1\" content=\"4 minutes\" \/>\n<script type=\"application\/ld+json\" class=\"yoast-schema-graph\">{\"@context\":\"https:\/\/schema.org\",\"@graph\":[{\"@type\":\"WebPage\",\"@id\":\"https:\/\/tropicalspicesmadagascar.com\/vanille\/\",\"url\":\"https:\/\/tropicalspicesmadagascar.com\/vanille\/\",\"name\":\"Vanille - Tropical Spices Madagascar\",\"isPartOf\":{\"@id\":\"https:\/\/tropicalspicesmadagascar.com\/#website\"},\"primaryImageOfPage\":{\"@id\":\"https:\/\/tropicalspicesmadagascar.com\/vanille\/#primaryimage\"},\"image\":{\"@id\":\"https:\/\/tropicalspicesmadagascar.com\/vanille\/#primaryimage\"},\"thumbnailUrl\":\"https:\/\/tropicalspicesmadagascar.com\/wp-content\/uploads\/2024\/08\/1721558790691-503x378.jpeg\",\"datePublished\":\"2024-11-11T14:20:32+00:00\",\"dateModified\":\"2024-11-11T14:35:15+00:00\",\"breadcrumb\":{\"@id\":\"https:\/\/tropicalspicesmadagascar.com\/vanille\/#breadcrumb\"},\"inLanguage\":\"en-GB\",\"potentialAction\":[{\"@type\":\"ReadAction\",\"target\":[\"https:\/\/tropicalspicesmadagascar.com\/vanille\/\"]}]},{\"@type\":\"ImageObject\",\"inLanguage\":\"en-GB\",\"@id\":\"https:\/\/tropicalspicesmadagascar.com\/vanille\/#primaryimage\",\"url\":\"https:\/\/tropicalspicesmadagascar.com\/wp-content\/uploads\/2024\/08\/1721558790691-503x378.jpeg\",\"contentUrl\":\"https:\/\/tropicalspicesmadagascar.com\/wp-content\/uploads\/2024\/08\/1721558790691-503x378.jpeg\"},{\"@type\":\"BreadcrumbList\",\"@id\":\"https:\/\/tropicalspicesmadagascar.com\/vanille\/#breadcrumb\",\"itemListElement\":[{\"@type\":\"ListItem\",\"position\":1,\"name\":\"Accueil\",\"item\":\"https:\/\/tropicalspicesmadagascar.com\/\"},{\"@type\":\"ListItem\",\"position\":2,\"name\":\"Vanille\"}]},{\"@type\":\"WebSite\",\"@id\":\"https:\/\/tropicalspicesmadagascar.com\/#website\",\"url\":\"https:\/\/tropicalspicesmadagascar.com\/\",\"name\":\"Tropical Spices Madagascar\",\"description\":\"Tropical Spices Madagascar\",\"publisher\":{\"@id\":\"https:\/\/tropicalspicesmadagascar.com\/#organization\"},\"potentialAction\":[{\"@type\":\"SearchAction\",\"target\":{\"@type\":\"EntryPoint\",\"urlTemplate\":\"https:\/\/tropicalspicesmadagascar.com\/?s={search_term_string}\"},\"query-input\":{\"@type\":\"PropertyValueSpecification\",\"valueRequired\":true,\"valueName\":\"search_term_string\"}}],\"inLanguage\":\"en-GB\"},{\"@type\":\"Organization\",\"@id\":\"https:\/\/tropicalspicesmadagascar.com\/#organization\",\"name\":\"Tropical Spices Madagascar\",\"url\":\"https:\/\/tropicalspicesmadagascar.com\/\",\"logo\":{\"@type\":\"ImageObject\",\"inLanguage\":\"en-GB\",\"@id\":\"https:\/\/tropicalspicesmadagascar.com\/#\/schema\/logo\/image\/\",\"url\":\"https:\/\/tropicalspicesmadagascar.com\/wp-content\/uploads\/2021\/04\/Tropical-Spices-Madagascar.png\",\"contentUrl\":\"https:\/\/tropicalspicesmadagascar.com\/wp-content\/uploads\/2021\/04\/Tropical-Spices-Madagascar.png\",\"width\":517,\"height\":483,\"caption\":\"Tropical Spices Madagascar\"},\"image\":{\"@id\":\"https:\/\/tropicalspicesmadagascar.com\/#\/schema\/logo\/image\/\"}}]}<\/script>\n<!-- \/ Yoast SEO plugin. -->","yoast_head_json":{"title":"Vanille - Tropical Spices Madagascar","robots":{"index":"index","follow":"follow","max-snippet":"max-snippet:-1","max-image-preview":"max-image-preview:large","max-video-preview":"max-video-preview:-1"},"canonical":"https:\/\/tropicalspicesmadagascar.com\/en\/vanille\/","og_locale":"en_GB","og_type":"article","og_title":"Vanille - Tropical Spices Madagascar","og_description":"Vanille Embl\u00e8me de Madagascar, notre vanille offre un parfum riche et envo\u00fbtant, r\u00e9sultat d&rsquo;un savoir-faire artisanal transmis de g\u00e9n\u00e9ration en g\u00e9n\u00e9ration. Appr\u00e9ci\u00e9e dans le monde entier, elle incarne l&rsquo;excellence et l&rsquo;authenticit\u00e9. Clou de girofle de Madagascar Ajouter au panier Vanille Noir Gourmet &euro;150.00 Ajouter au panier Cuts de vanille &euro;90.00 Ajouter au panier Extrait de [&hellip;]","og_url":"https:\/\/tropicalspicesmadagascar.com\/en\/vanille\/","og_site_name":"Tropical Spices Madagascar","article_modified_time":"2024-11-11T14:35:15+00:00","og_image":[{"url":"https:\/\/tropicalspicesmadagascar.com\/wp-content\/uploads\/2024\/08\/1721558790691-503x378.jpeg"}],"twitter_card":"summary_large_image","twitter_misc":{"Estimated reading time":"4 minutes"},"schema":{"@context":"https:\/\/schema.org","@graph":[{"@type":"WebPage","@id":"https:\/\/tropicalspicesmadagascar.com\/vanille\/","url":"https:\/\/tropicalspicesmadagascar.com\/vanille\/","name":"Vanille - Tropical Spices Madagascar","isPartOf":{"@id":"https:\/\/tropicalspicesmadagascar.com\/#website"},"primaryImageOfPage":{"@id":"https:\/\/tropicalspicesmadagascar.com\/vanille\/#primaryimage"},"image":{"@id":"https:\/\/tropicalspicesmadagascar.com\/vanille\/#primaryimage"},"thumbnailUrl":"https:\/\/tropicalspicesmadagascar.com\/wp-content\/uploads\/2024\/08\/1721558790691-503x378.jpeg","datePublished":"2024-11-11T14:20:32+00:00","dateModified":"2024-11-11T14:35:15+00:00","breadcrumb":{"@id":"https:\/\/tropicalspicesmadagascar.com\/vanille\/#breadcrumb"},"inLanguage":"en-GB","potentialAction":[{"@type":"ReadAction","target":["https:\/\/tropicalspicesmadagascar.com\/vanille\/"]}]},{"@type":"ImageObject","inLanguage":"en-GB","@id":"https:\/\/tropicalspicesmadagascar.com\/vanille\/#primaryimage","url":"https:\/\/tropicalspicesmadagascar.com\/wp-content\/uploads\/2024\/08\/1721558790691-503x378.jpeg","contentUrl":"https:\/\/tropicalspicesmadagascar.com\/wp-content\/uploads\/2024\/08\/1721558790691-503x378.jpeg"},{"@type":"BreadcrumbList","@id":"https:\/\/tropicalspicesmadagascar.com\/vanille\/#breadcrumb","itemListElement":[{"@type":"ListItem","position":1,"name":"Accueil","item":"https:\/\/tropicalspicesmadagascar.com\/"},{"@type":"ListItem","position":2,"name":"Vanille"}]},{"@type":"WebSite","@id":"https:\/\/tropicalspicesmadagascar.com\/#website","url":"https:\/\/tropicalspicesmadagascar.com\/","name":"Tropical Spices Madagascar","description":"Tropical Spices Madagascar","publisher":{"@id":"https:\/\/tropicalspicesmadagascar.com\/#organization"},"potentialAction":[{"@type":"SearchAction","target":{"@type":"EntryPoint","urlTemplate":"https:\/\/tropicalspicesmadagascar.com\/?s={search_term_string}"},"query-input":{"@type":"PropertyValueSpecification","valueRequired":true,"valueName":"search_term_string"}}],"inLanguage":"en-GB"},{"@type":"Organization","@id":"https:\/\/tropicalspicesmadagascar.com\/#organization","name":"Tropical Spices Madagascar","url":"https:\/\/tropicalspicesmadagascar.com\/","logo":{"@type":"ImageObject","inLanguage":"en-GB","@id":"https:\/\/tropicalspicesmadagascar.com\/#\/schema\/logo\/image\/","url":"https:\/\/tropicalspicesmadagascar.com\/wp-content\/uploads\/2021\/04\/Tropical-Spices-Madagascar.png","contentUrl":"https:\/\/tropicalspicesmadagascar.com\/wp-content\/uploads\/2021\/04\/Tropical-Spices-Madagascar.png","width":517,"height":483,"caption":"Tropical Spices Madagascar"},"image":{"@id":"https:\/\/tropicalspicesmadagascar.com\/#\/schema\/logo\/image\/"}}]}},"_links":{"self":[{"href":"https:\/\/tropicalspicesmadagascar.com\/en\/wp-json\/wp\/v2\/pages\/987"}],"collection":[{"href":"https:\/\/tropicalspicesmadagascar.com\/en\/wp-json\/wp\/v2\/pages"}],"about":[{"href":"https:\/\/tropicalspicesmadagascar.com\/en\/wp-json\/wp\/v2\/types\/page"}],"author":[{"embeddable":true,"href":"https:\/\/tropicalspicesmadagascar.com\/en\/wp-json\/wp\/v2\/users\/1"}],"replies":[{"embeddable":true,"href":"https:\/\/tropicalspicesmadagascar.com\/en\/wp-json\/wp\/v2\/comments?post=987"}],"version-history":[{"count":7,"href":"https:\/\/tropicalspicesmadagascar.com\/en\/wp-json\/wp\/v2\/pages\/987\/revisions"}],"predecessor-version":[{"id":1014,"href":"https:\/\/tropicalspicesmadagascar.com\/en\/wp-json\/wp\/v2\/pages\/987\/revisions\/1014"}],"wp:attachment":[{"href":"https:\/\/tropicalspicesmadagascar.com\/en\/wp-json\/wp\/v2\/media?parent=987"}],"curies":[{"name":"wp","href":"https:\/\/api.w.org\/{rel}","templated":true}]}}